{"id":21,"date":"2022-09-28T14:33:22","date_gmt":"2022-09-28T14:33:22","guid":{"rendered":"https:\/\/www.casasdealmeria.com\/quierovendermicasa\/?page_id=21"},"modified":"2023-01-24T15:50:35","modified_gmt":"2023-01-24T15:50:35","slug":"quiero-vender-mi-casa-o-piso-en-almeria","status":"publish","type":"page","link":"https:\/\/www.casasdealmeria.com\/quierovendermicasa\/","title":{"rendered":"Quiero vender mi casa"},"content":{"rendered":"<p>[et_pb_section fb_built=&#8221;1&#8243; fullwidth=&#8221;on&#8221; _builder_version=&#8221;4.17.4&#8243; _module_preset=&#8221;default&#8221; global_colors_info=&#8221;{}&#8221;][et_pb_fullwidth_slider _builder_version=&#8221;4.17.4&#8243; _module_preset=&#8221;default&#8221; custom_padding=&#8221;60px||60px||false|false&#8221; global_colors_info=&#8221;{}&#8221;][et_pb_slide _builder_version=&#8221;4.17.4&#8243; _module_preset=&#8221;default&#8221; background_enable_color=&#8221;off&#8221; background_image=&#8221;https:\/\/www.casasdealmeria.com\/quierovendermicasa\/wp-content\/uploads\/2022\/09\/Banner12.jpg&#8221; background_enable_image=&#8221;on&#8221; global_colors_info=&#8221;{}&#8221; sticky_transition=&#8221;on&#8221;][\/et_pb_slide][\/et_pb_fullwidth_slider][\/et_pb_section][et_pb_section fb_built=&#8221;1&#8243; _builder_version=&#8221;4.17.4&#8243; _module_preset=&#8221;default&#8221; global_colors_info=&#8221;{}&#8221;][et_pb_row column_structure=&#8221;1_2,1_2&#8243; _builder_version=&#8221;4.17.4&#8243; _module_preset=&#8221;default&#8221; global_colors_info=&#8221;{}&#8221;][et_pb_column type=&#8221;1_2&#8243; _builder_version=&#8221;4.17.4&#8243; _module_preset=&#8221;default&#8221; global_colors_info=&#8221;{}&#8221;][et_pb_text _builder_version=&#8221;4.17.4&#8243; _module_preset=&#8221;default&#8221; global_colors_info=&#8221;{}&#8221;]<\/p>\n<h1>Quiero vender mi casa<\/h1>\n<p>&nbsp;<\/p>\n<p>Si quieres realizar la <strong>venta de tu casa<\/strong> conf\u00eda en Casas de Almer\u00eda. M\u00e1s de 20 a\u00f1os dedicados al sector inmobiliario aportamos nuestra experiencia, honestidad, eficiencia y fiabilidad. Te acompa\u00f1amos en todo el proceso de venta realizando las gestiones necesarias de principio a fin para vender tu casa. Realizamos con profesionales para poder destacar los puntos fuertes de tu casa, mostrando su mejor cara.<\/p>\n<h3>\u00a0<\/h3>\n<h3>LA OPINI\u00d3N DE NUESTROS CLIENTES (GOOGLE)<\/h3>\n<p><img loading=\"lazy\" decoding=\"async\" class=\"wp-image-24 alignnone size-full\" src=\"https:\/\/www.casasdealmeria.com\/quierovendermicasa\/wp-content\/uploads\/2022\/09\/estrellas-1.jpg\" alt=\"\" width=\"71\" height=\"15\" \/><\/p>\n<p><span style=\"color: #ff9900;\"><strong>Han vendido mi casa en 20 d\u00edas !!!<\/strong><\/span><br \/>Espectacular trato y profesionalidad, una maravilla gestionarlo todo con vosotros. Te acompa\u00f1an en cada paso de tu venta resolviendo dudas y documentaci\u00f3n, eso para mi es un lujo porque o no lo entiendes o no tienes ni tiempo ni paciencia.<br \/>Encantada con mi operaci\u00f3n!!<\/p>\n<p><em>Rosas Zumbalmeria<\/em><\/p>\n<p><img loading=\"lazy\" decoding=\"async\" class=\"wp-image-24 alignnone size-full\" src=\"https:\/\/www.casasdealmeria.com\/quierovendermicasa\/wp-content\/uploads\/2022\/09\/estrellas-1.jpg\" alt=\"\" width=\"71\" height=\"15\" \/><\/p>\n<p>Magn\u00edficos profesionales. <span style=\"color: #ff9900;\"><strong>Me han vendido la casa s\u00faper r\u00e1pido<\/strong><\/span>. Buen trato en todo momento y hacen que todo sea facil\u00edsimo.<br \/>Gracias por vuestra dedicaci\u00f3n.<\/p>\n<p><em>Mar\u00eda \u00c1ngeles<\/em><\/p>\n<p><img loading=\"lazy\" decoding=\"async\" class=\"wp-image-24 alignnone size-full\" src=\"https:\/\/www.casasdealmeria.com\/quierovendermicasa\/wp-content\/uploads\/2022\/09\/estrellas-1.jpg\" alt=\"\" width=\"71\" height=\"15\" \/><\/p>\n<p>Sin lugar a dudas, son los mejores profesionales del sector inmobiliario en la provincia de Almer\u00eda con diferencia. El excelente trato recibido , la profesionalidad y la honestidad con la que tratan a sus clientes dan lugar a un equipo altamente confiable.<\/p>\n<p><em>Esperanza Mart\u00ednez<\/em><\/p>\n<p>[\/et_pb_text][\/et_pb_column][et_pb_column type=&#8221;1_2&#8243; _builder_version=&#8221;4.17.4&#8243; _module_preset=&#8221;default&#8221; global_colors_info=&#8221;{}&#8221;][et_pb_text _builder_version=&#8221;4.17.4&#8243; _module_preset=&#8221;default&#8221; global_colors_info=&#8221;{}&#8221;]<\/p>\n<h2 style=\"text-align: center;\">\u00bfQuieres vender tu casa?<br \/>Ll\u00e1manos <span class=\"hidden-xs\">950 71 71 47<\/span><\/h2>\n<p>[\/et_pb_text][et_pb_contact_form use_spam_service=&#8221;on&#8221; email=&#8221;in&#102;&#111;&#64;&#99;&#x61;&#x73;&#x61;&#x73;&#x64;ea&#108;&#109;&#101;&#114;&#x69;&#x61;&#x2e;&#x63;&#x6f;m&#8221; custom_message=&#8221;QUIERO VENDER MI CASA &#8211; landing page||et_pb_line_break_holder||||et_pb_line_break_holder||Nombre:  %%Name%%||et_pb_line_break_holder||Email:  %%Email%%||et_pb_line_break_holder||Tel\u00e9fono:  %%Tel\u00e9fono%%||et_pb_line_break_holder||Mensaje:  %%Message%%||et_pb_line_break_holder||||et_pb_line_break_holder||Aviso legal:  %%Aviso_legal%%&#8221; _builder_version=&#8221;4.19.4&#8243; _module_preset=&#8221;default&#8221; _unique_id=&#8221;9dc206a5-777f-4da6-a2f5-8c6cc21fd480&#8243; background_color=&#8221;#4a525d&#8221; custom_button=&#8221;on&#8221; button_text_color=&#8221;#bcddd3&#8243; custom_padding=&#8221;20px|20px|20px|20px|false|false&#8221; hover_enabled=&#8221;0&#8243; global_colors_info=&#8221;{}&#8221; sticky_enabled=&#8221;0&#8243;][et_pb_contact_field field_id=&#8221;Name&#8221; field_title=&#8221;Nombre y apellidos&#8221; _builder_version=&#8221;4.17.4&#8243; global_colors_info=&#8221;{}&#8221; button_text_size__hover_enabled=&#8221;off&#8221; button_one_text_size__hover_enabled=&#8221;off&#8221; button_two_text_size__hover_enabled=&#8221;off&#8221; button_text_color__hover_enabled=&#8221;off&#8221; button_one_text_color__hover_enabled=&#8221;off&#8221; button_two_text_color__hover_enabled=&#8221;off&#8221; button_border_width__hover_enabled=&#8221;off&#8221; button_one_border_width__hover_enabled=&#8221;off&#8221; button_two_border_width__hover_enabled=&#8221;off&#8221; button_border_color__hover_enabled=&#8221;off&#8221; button_one_border_color__hover_enabled=&#8221;off&#8221; button_two_border_color__hover_enabled=&#8221;off&#8221; button_border_radius__hover_enabled=&#8221;off&#8221; button_one_border_radius__hover_enabled=&#8221;off&#8221; button_two_border_radius__hover_enabled=&#8221;off&#8221; button_letter_spacing__hover_enabled=&#8221;off&#8221; button_one_letter_spacing__hover_enabled=&#8221;off&#8221; button_two_letter_spacing__hover_enabled=&#8221;off&#8221; button_bg_color__hover_enabled=&#8221;off&#8221; button_one_bg_color__hover_enabled=&#8221;off&#8221; button_two_bg_color__hover_enabled=&#8221;off&#8221;][\/et_pb_contact_field][et_pb_contact_field field_id=&#8221;Email&#8221; field_title=&#8221;Email&#8221; field_type=&#8221;email&#8221; _builder_version=&#8221;4.17.4&#8243; global_colors_info=&#8221;{}&#8221; button_text_size__hover_enabled=&#8221;off&#8221; button_one_text_size__hover_enabled=&#8221;off&#8221; button_two_text_size__hover_enabled=&#8221;off&#8221; button_text_color__hover_enabled=&#8221;off&#8221; button_one_text_color__hover_enabled=&#8221;off&#8221; button_two_text_color__hover_enabled=&#8221;off&#8221; button_border_width__hover_enabled=&#8221;off&#8221; button_one_border_width__hover_enabled=&#8221;off&#8221; button_two_border_width__hover_enabled=&#8221;off&#8221; button_border_color__hover_enabled=&#8221;off&#8221; button_one_border_color__hover_enabled=&#8221;off&#8221; button_two_border_color__hover_enabled=&#8221;off&#8221; button_border_radius__hover_enabled=&#8221;off&#8221; button_one_border_radius__hover_enabled=&#8221;off&#8221; button_two_border_radius__hover_enabled=&#8221;off&#8221; button_letter_spacing__hover_enabled=&#8221;off&#8221; button_one_letter_spacing__hover_enabled=&#8221;off&#8221; button_two_letter_spacing__hover_enabled=&#8221;off&#8221; button_bg_color__hover_enabled=&#8221;off&#8221; button_one_bg_color__hover_enabled=&#8221;off&#8221; button_two_bg_color__hover_enabled=&#8221;off&#8221;][\/et_pb_contact_field][et_pb_contact_field field_id=&#8221;Tel\u00e9fono&#8221; field_title=&#8221;Tel\u00e9fono&#8221; _builder_version=&#8221;4.17.4&#8243; global_colors_info=&#8221;{}&#8221; button_text_size__hover_enabled=&#8221;off&#8221; button_one_text_size__hover_enabled=&#8221;off&#8221; button_two_text_size__hover_enabled=&#8221;off&#8221; button_text_color__hover_enabled=&#8221;off&#8221; button_one_text_color__hover_enabled=&#8221;off&#8221; button_two_text_color__hover_enabled=&#8221;off&#8221; button_border_width__hover_enabled=&#8221;off&#8221; button_one_border_width__hover_enabled=&#8221;off&#8221; button_two_border_width__hover_enabled=&#8221;off&#8221; button_border_color__hover_enabled=&#8221;off&#8221; button_one_border_color__hover_enabled=&#8221;off&#8221; button_two_border_color__hover_enabled=&#8221;off&#8221; button_border_radius__hover_enabled=&#8221;off&#8221; button_one_border_radius__hover_enabled=&#8221;off&#8221; button_two_border_radius__hover_enabled=&#8221;off&#8221; button_letter_spacing__hover_enabled=&#8221;off&#8221; button_one_letter_spacing__hover_enabled=&#8221;off&#8221; button_two_letter_spacing__hover_enabled=&#8221;off&#8221; button_bg_color__hover_enabled=&#8221;off&#8221; button_one_bg_color__hover_enabled=&#8221;off&#8221; button_two_bg_color__hover_enabled=&#8221;off&#8221;][\/et_pb_contact_field][et_pb_contact_field field_id=&#8221;Message&#8221; field_title=&#8221;Mensaje&#8221; field_type=&#8221;text&#8221; fullwidth_field=&#8221;on&#8221; _builder_version=&#8221;4.16&#8243; global_colors_info=&#8221;{}&#8221; button_text_size__hover_enabled=&#8221;off&#8221; button_one_text_size__hover_enabled=&#8221;off&#8221; button_two_text_size__hover_enabled=&#8221;off&#8221; button_text_color__hover_enabled=&#8221;off&#8221; button_one_text_color__hover_enabled=&#8221;off&#8221; button_two_text_color__hover_enabled=&#8221;off&#8221; button_border_width__hover_enabled=&#8221;off&#8221; button_one_border_width__hover_enabled=&#8221;off&#8221; button_two_border_width__hover_enabled=&#8221;off&#8221; button_border_color__hover_enabled=&#8221;off&#8221; button_one_border_color__hover_enabled=&#8221;off&#8221; button_two_border_color__hover_enabled=&#8221;off&#8221; button_border_radius__hover_enabled=&#8221;off&#8221; button_one_border_radius__hover_enabled=&#8221;off&#8221; button_two_border_radius__hover_enabled=&#8221;off&#8221; button_letter_spacing__hover_enabled=&#8221;off&#8221; button_one_letter_spacing__hover_enabled=&#8221;off&#8221; button_two_letter_spacing__hover_enabled=&#8221;off&#8221; button_bg_color__hover_enabled=&#8221;off&#8221; button_one_bg_color__hover_enabled=&#8221;off&#8221; button_two_bg_color__hover_enabled=&#8221;off&#8221;][\/et_pb_contact_field][et_pb_contact_field field_id=&#8221;Aviso_legal&#8221; field_title=&#8221;Aviso legal&#8221; field_type=&#8221;checkbox&#8221; checkbox_options=&#8221;%91{%22value%22:%22Afirmo que he le\u00eddo y acepto el aviso legal y la pol\u00edtica de protecci\u00f3n de datos%22,%22checked%22:0,%22dragID%22:-1}%93&#8243; fullwidth_field=&#8221;on&#8221; _builder_version=&#8221;4.17.4&#8243; _module_preset=&#8221;default&#8221; global_colors_info=&#8221;{}&#8221;][\/et_pb_contact_field][\/et_pb_contact_form][et_pb_text _builder_version=&#8221;4.17.4&#8243; _module_preset=&#8221;default&#8221; global_colors_info=&#8221;{}&#8221;]<\/p>\n<p>En estos a\u00f1os hemos participado de forma directa o indirecta en la compra-venta de m\u00e1s de 1.000 viviendas. Esto nos ha permitido conocer de forma profunda las inquietudes y preocupaciones que se tienes como propietarios de vivienda.<\/p>\n<p>Adaptamos nuestras estrategias de venta a las tendencias del mercado inmobiliario y vendemos su piso o casa en el menor tiempo posible ya que contamos con las mejores herramientas de marketing. Nos implicamos en tu proyecto con profesionalidad y nos adaptamos a tus necesidades.<\/p>\n<blockquote>\n<p>Te ayudaremos con todos los tr\u00e1mites una vez finalizada la <strong>venta de tu casa en Almer\u00eda.<\/strong><\/p>\n<\/blockquote>\n<p style=\"text-align: center;\"><strong>No te dejamos sol@ !!!<\/strong><\/p>\n<p>[\/et_pb_text][\/et_pb_column][\/et_pb_row][\/et_pb_section]<\/p>\n","protected":false},"excerpt":{"rendered":"<p>Quiero vender mi casa &nbsp; Si quieres realizar la venta de tu casa conf\u00eda en Casas de Almer\u00eda. M\u00e1s de 20 a\u00f1os dedicados al sector inmobiliario aportamos nuestra experiencia, honestidad, eficiencia y fiabilidad. Te acompa\u00f1amos en todo el proceso de venta realizando las gestiones necesarias de principio a fin para vender tu casa. Realizamos con [&hellip;]<\/p>\n","protected":false},"author":1,"featured_media":0,"parent":0,"menu_order":0,"comment_status":"closed","ping_status":"closed","template":"","meta":{"_et_pb_use_builder":"on","_et_pb_old_content":"","_et_gb_content_width":"","_joinchat":[],"footnotes":""},"class_list":["post-21","page","type-page","status-publish","hentry"],"yoast_head":"<!-- This site is optimized with the Yoast SEO plugin v22.6 - https:\/\/yoast.com\/wordpress\/plugins\/seo\/ -->\n<title>Quieres vender tu casa?. 20 a\u00f1os de experiencia<\/title>\n<meta name=\"description\" content=\"Puedes ver la opini\u00f3n de nuestros clientes. Realizamos la venta de tu casa. Aportamos nuestra experiencia, honestidad y eficiencia.\" \/>\n<meta name=\"robots\" content=\"index, follow, max-snippet:-1, max-image-preview:large, max-video-preview:-1\" \/>\n<link rel=\"canonical\" href=\"https:\/\/www.casasdealmeria.com\/quierovendermicasa\/\" \/>\n<meta property=\"og:locale\" content=\"es_ES\" \/>\n<meta property=\"og:type\" content=\"article\" \/>\n<meta property=\"og:title\" content=\"Quieres vender tu casa?. 20 a\u00f1os de experiencia\" \/>\n<meta property=\"og:description\" content=\"Puedes ver la opini\u00f3n de nuestros clientes. Realizamos la venta de tu casa. Aportamos nuestra experiencia, honestidad y eficiencia.\" \/>\n<meta property=\"og:url\" content=\"https:\/\/www.casasdealmeria.com\/quierovendermicasa\/\" \/>\n<meta property=\"og:site_name\" content=\"Quiero vender mi casa en Almer\u00eda\" \/>\n<meta property=\"article:modified_time\" content=\"2023-01-24T15:50:35+00:00\" \/>\n<meta property=\"og:image\" content=\"https:\/\/www.casasdealmeria.com\/quierovendermicasa\/wp-content\/uploads\/2022\/09\/estrellas-1.jpg\" \/>\n<meta name=\"twitter:card\" content=\"summary_large_image\" \/>\n<meta name=\"twitter:label1\" content=\"Tiempo de lectura\" \/>\n\t<meta name=\"twitter:data1\" content=\"3 minutos\" \/>\n<script type=\"application\/ld+json\" class=\"yoast-schema-graph\">{\"@context\":\"https:\/\/schema.org\",\"@graph\":[{\"@type\":\"WebPage\",\"@id\":\"https:\/\/www.casasdealmeria.com\/quierovendermicasa\/\",\"url\":\"https:\/\/www.casasdealmeria.com\/quierovendermicasa\/\",\"name\":\"Quieres vender tu casa?. 20 a\u00f1os de experiencia\",\"isPartOf\":{\"@id\":\"https:\/\/www.casasdealmeria.com\/quierovendermicasa\/#website\"},\"primaryImageOfPage\":{\"@id\":\"https:\/\/www.casasdealmeria.com\/quierovendermicasa\/#primaryimage\"},\"image\":{\"@id\":\"https:\/\/www.casasdealmeria.com\/quierovendermicasa\/#primaryimage\"},\"thumbnailUrl\":\"https:\/\/www.casasdealmeria.com\/quierovendermicasa\/wp-content\/uploads\/2022\/09\/estrellas-1.jpg\",\"datePublished\":\"2022-09-28T14:33:22+00:00\",\"dateModified\":\"2023-01-24T15:50:35+00:00\",\"description\":\"Puedes ver la opini\u00f3n de nuestros clientes. Realizamos la venta de tu casa. Aportamos nuestra experiencia, honestidad y eficiencia.\",\"breadcrumb\":{\"@id\":\"https:\/\/www.casasdealmeria.com\/quierovendermicasa\/#breadcrumb\"},\"inLanguage\":\"es\",\"potentialAction\":[{\"@type\":\"ReadAction\",\"target\":[\"https:\/\/www.casasdealmeria.com\/quierovendermicasa\/\"]}]},{\"@type\":\"ImageObject\",\"inLanguage\":\"es\",\"@id\":\"https:\/\/www.casasdealmeria.com\/quierovendermicasa\/#primaryimage\",\"url\":\"https:\/\/www.casasdealmeria.com\/quierovendermicasa\/wp-content\/uploads\/2022\/09\/estrellas-1.jpg\",\"contentUrl\":\"https:\/\/www.casasdealmeria.com\/quierovendermicasa\/wp-content\/uploads\/2022\/09\/estrellas-1.jpg\",\"width\":71,\"height\":15},{\"@type\":\"BreadcrumbList\",\"@id\":\"https:\/\/www.casasdealmeria.com\/quierovendermicasa\/#breadcrumb\",\"itemListElement\":[{\"@type\":\"ListItem\",\"position\":1,\"name\":\"Portada\",\"item\":\"https:\/\/www.casasdealmeria.com\/quierovendermicasa\/\"},{\"@type\":\"ListItem\",\"position\":2,\"name\":\"Quiero vender mi casa\"}]},{\"@type\":\"WebSite\",\"@id\":\"https:\/\/www.casasdealmeria.com\/quierovendermicasa\/#website\",\"url\":\"https:\/\/www.casasdealmeria.com\/quierovendermicasa\/\",\"name\":\"Quiero vender mi casa en Almer\u00eda\",\"description\":\"\",\"potentialAction\":[{\"@type\":\"SearchAction\",\"target\":{\"@type\":\"EntryPoint\",\"urlTemplate\":\"https:\/\/www.casasdealmeria.com\/quierovendermicasa\/?s={search_term_string}\"},\"query-input\":\"required name=search_term_string\"}],\"inLanguage\":\"es\"}]}<\/script>\n<!-- \/ Yoast SEO plugin. -->","yoast_head_json":{"title":"Quieres vender tu casa?. 20 a\u00f1os de experiencia","description":"Puedes ver la opini\u00f3n de nuestros clientes. Realizamos la venta de tu casa. Aportamos nuestra experiencia, honestidad y eficiencia.","robots":{"index":"index","follow":"follow","max-snippet":"max-snippet:-1","max-image-preview":"max-image-preview:large","max-video-preview":"max-video-preview:-1"},"canonical":"https:\/\/www.casasdealmeria.com\/quierovendermicasa\/","og_locale":"es_ES","og_type":"article","og_title":"Quieres vender tu casa?. 20 a\u00f1os de experiencia","og_description":"Puedes ver la opini\u00f3n de nuestros clientes. Realizamos la venta de tu casa. Aportamos nuestra experiencia, honestidad y eficiencia.","og_url":"https:\/\/www.casasdealmeria.com\/quierovendermicasa\/","og_site_name":"Quiero vender mi casa en Almer\u00eda","article_modified_time":"2023-01-24T15:50:35+00:00","og_image":[{"url":"https:\/\/www.casasdealmeria.com\/quierovendermicasa\/wp-content\/uploads\/2022\/09\/estrellas-1.jpg"}],"twitter_card":"summary_large_image","twitter_misc":{"Tiempo de lectura":"3 minutos"},"schema":{"@context":"https:\/\/schema.org","@graph":[{"@type":"WebPage","@id":"https:\/\/www.casasdealmeria.com\/quierovendermicasa\/","url":"https:\/\/www.casasdealmeria.com\/quierovendermicasa\/","name":"Quieres vender tu casa?. 20 a\u00f1os de experiencia","isPartOf":{"@id":"https:\/\/www.casasdealmeria.com\/quierovendermicasa\/#website"},"primaryImageOfPage":{"@id":"https:\/\/www.casasdealmeria.com\/quierovendermicasa\/#primaryimage"},"image":{"@id":"https:\/\/www.casasdealmeria.com\/quierovendermicasa\/#primaryimage"},"thumbnailUrl":"https:\/\/www.casasdealmeria.com\/quierovendermicasa\/wp-content\/uploads\/2022\/09\/estrellas-1.jpg","datePublished":"2022-09-28T14:33:22+00:00","dateModified":"2023-01-24T15:50:35+00:00","description":"Puedes ver la opini\u00f3n de nuestros clientes. Realizamos la venta de tu casa. Aportamos nuestra experiencia, honestidad y eficiencia.","breadcrumb":{"@id":"https:\/\/www.casasdealmeria.com\/quierovendermicasa\/#breadcrumb"},"inLanguage":"es","potentialAction":[{"@type":"ReadAction","target":["https:\/\/www.casasdealmeria.com\/quierovendermicasa\/"]}]},{"@type":"ImageObject","inLanguage":"es","@id":"https:\/\/www.casasdealmeria.com\/quierovendermicasa\/#primaryimage","url":"https:\/\/www.casasdealmeria.com\/quierovendermicasa\/wp-content\/uploads\/2022\/09\/estrellas-1.jpg","contentUrl":"https:\/\/www.casasdealmeria.com\/quierovendermicasa\/wp-content\/uploads\/2022\/09\/estrellas-1.jpg","width":71,"height":15},{"@type":"BreadcrumbList","@id":"https:\/\/www.casasdealmeria.com\/quierovendermicasa\/#breadcrumb","itemListElement":[{"@type":"ListItem","position":1,"name":"Portada","item":"https:\/\/www.casasdealmeria.com\/quierovendermicasa\/"},{"@type":"ListItem","position":2,"name":"Quiero vender mi casa"}]},{"@type":"WebSite","@id":"https:\/\/www.casasdealmeria.com\/quierovendermicasa\/#website","url":"https:\/\/www.casasdealmeria.com\/quierovendermicasa\/","name":"Quiero vender mi casa en Almer\u00eda","description":"","potentialAction":[{"@type":"SearchAction","target":{"@type":"EntryPoint","urlTemplate":"https:\/\/www.casasdealmeria.com\/quierovendermicasa\/?s={search_term_string}"},"query-input":"required name=search_term_string"}],"inLanguage":"es"}]}},"_links":{"self":[{"href":"https:\/\/www.casasdealmeria.com\/quierovendermicasa\/wp-json\/wp\/v2\/pages\/21","targetHints":{"allow":["GET"]}}],"collection":[{"href":"https:\/\/www.casasdealmeria.com\/quierovendermicasa\/wp-json\/wp\/v2\/pages"}],"about":[{"href":"https:\/\/www.casasdealmeria.com\/quierovendermicasa\/wp-json\/wp\/v2\/types\/page"}],"author":[{"embeddable":true,"href":"https:\/\/www.casasdealmeria.com\/quierovendermicasa\/wp-json\/wp\/v2\/users\/1"}],"replies":[{"embeddable":true,"href":"https:\/\/www.casasdealmeria.com\/quierovendermicasa\/wp-json\/wp\/v2\/comments?post=21"}],"version-history":[{"count":32,"href":"https:\/\/www.casasdealmeria.com\/quierovendermicasa\/wp-json\/wp\/v2\/pages\/21\/revisions"}],"predecessor-version":[{"id":307,"href":"https:\/\/www.casasdealmeria.com\/quierovendermicasa\/wp-json\/wp\/v2\/pages\/21\/revisions\/307"}],"wp:attachment":[{"href":"https:\/\/www.casasdealmeria.com\/quierovendermicasa\/wp-json\/wp\/v2\/media?parent=21"}],"curies":[{"name":"wp","href":"https:\/\/api.w.org\/{rel}","templated":true}]}}